{"id":181,"date":"2017-06-15T02:29:13","date_gmt":"2017-06-15T02:29:13","guid":{"rendered":"http:\/\/viviendadiez.com\/bienvenido\/?page_id=181"},"modified":"2021-01-07T22:04:48","modified_gmt":"2021-01-07T22:04:48","slug":"condominio-puerta-de-tule","status":"publish","type":"page","link":"https:\/\/viviendadiez.com\/bienvenido\/index.php\/condominio-puerta-de-tule\/","title":{"rendered":"Condominio Puerta de Tule"},"content":{"rendered":"<p>[vc_row type=&#8221;vc_default&#8221; full_width=&#8221;stretch_row_content&#8221;][vc_column][vc_media_grid style=&#8221;pagination&#8221; items_per_page=&#8221;4&#8243; element_width=&#8221;3&#8243; arrows_design=&#8221;vc_arrow-icon-arrow_01_left&#8221; arrows_color=&#8221;black&#8221; paging_color=&#8221;green&#8221; loop=&#8221;yes&#8221; item=&#8221;masonryMedia_Default&#8221; grid_id=&#8221;vc_gid:1556561484670-7659bdfd-dca5-3&#8243; include=&#8221;330,329,327,324,342,343&#8243;][\/vc_column][\/vc_row][vc_row][vc_column width=&#8221;1\/2&#8243;][vc_column_text]<\/p>\n<h3 style=\"text-align: center;\">Caracter\u00edsticas<\/h3>\n<p style=\"text-align: justify;\">Ubicado al noroeste de la ciudad de Quer\u00e9taro, cerca de la nueva avenida Paseo Quer\u00e9taro y anillo vial Fray Jun\u00edpero Sierra. Cuenta con 384 viviendas rodeadas de una amplia \u00e1rea verde con espacios recreativos, juegos infantiles y cancha deportiva.<\/p>\n<p>A 10 minutos de la planta Samsung de Cd. Industrial.[\/vc_column_text][\/vc_column][vc_column width=&#8221;1\/2&#8243;][vc_gmaps link=&#8221;#E-8_JTNDaWZyYW1lJTIwc3JjJTNEJTIyaHR0cHMlM0ElMkYlMkZ3d3cuZ29vZ2xlLmNvbSUyRm1hcHMlMkZlbWJlZCUzRnBiJTNEJTIxMW0xOCUyMTFtMTIlMjExbTMlMjExZDI5MzIuNDA3ODIwMjg4NDE4NCUyMTJkLTEwMC40NjczMzkxNDY0NTM2NyUyMTNkMjAuNjY0MzU1MjI1ODY0NzE4JTIxMm0zJTIxMWYwJTIxMmYwJTIxM2YwJTIxM20yJTIxMWkxMDI0JTIxMmk3NjglMjE0ZjEzLjElMjEzbTMlMjExbTIlMjExczB4MCUyNTNBMHgwJTIxMnpNakRDc0RNNUp6VXhMamNpVGlBeE1ERENzREkzSnpVM0xqUWlWdyUyMTVlMSUyMTNtMiUyMTFzZXMtNDE5JTIxMnNteCUyMTR2MTU1NjU2MDgxMDkwMCUyMTVtMiUyMTFzZXMtNDE5JTIxMnNteCUyMiUyMHdpZHRoJTNEJTIyNjAwJTIyJTIwaGVpZ2h0JTNEJTIyNDUwJTIyJTIwZnJhbWVib3JkZXIlM0QlMjIwJTIyJTIwc3R5bGUlM0QlMjJib3JkZXIlM0EwJTIyJTIwYWxsb3dmdWxsc2NyZWVuJTNFJTNDJTJGaWZyYW1lJTNF&#8221;][\/vc_column][\/vc_row][vc_row][vc_column]<div id=\"advanced-tabs-desc-wrap-3086\" class=\"ult_tabs \" style=\" \" data-tabsstyle=\"style1\"\r\n data-titlebg=\"#e7ecea\" data-titlecolor=\"#74777b\" data-fullheight=\"off\"\r\n data-titlehoverbg=\"#4f90d1\" data-titlehovercolor=\"#ffffff\"\r\n data-rotatetabs=\"7\" data-responsivemode=\"Both\" data-animation=\"Slide-Horizontal\"\r\ndata-activetitle=\"#ffffff\" data-activeicon=\"\" data-activebg=\"#4f90d1\"  data-respmode=\"Tabs\" data-respwidth=\"400\" data-scroll = \"on\"><ul id=advanced-tabs-wrap-5456 class=\"ult_tabmenu style1 \" style=\"\"><li class=\"ult_tab_li   \" data-iconcolor=\"#74777b\" data-iconhover=\"#ffffff\" style=\"background-color:#e7ecea;border-color:transparent;border-width:0px;border-style:solid;border-top-left-radius:8px;\">\r\n\t\t\t\t\t<a href=\"#9eac05cd-d7a3-6\" id=\"9eac05cd-d7a3-6\" style=\"color:#74777b;;  \" class=\"ult_a \">\r\n\t\t\t\t\t   <span class=\"ult_tab_main  Both \">\r\n\t\t\t\t\t    <span class=\"ult_tab_section\">\r\n\t\t\t\t\t  \t\t<span  data-ultimate-target='#advanced-tabs-wrap-5456 .ult-span-text'  data-responsive-json-new='{\"font-size\":\"desktop:15px;\",\"line-height\":\"\"}'  class=\"ult-span-text ult-responsive\" style=\"\">Perspectiva Prototipo<\/span>\r\n\t\t\t\t\t\t   \t<span class=\"aio-icon none ult_tab_iconright\" style=\"color:#74777b;font-size:15px;\">\r\n\t\t\t\t\t\t   \t<i class=\"   ult_tab_icon\"  ><\/i>\r\n\t\t\t\t\t\t   <\/span>\r\n\t\t\t\t\t\t<\/span>\r\n\t\t\t\t\t   <\/span>\r\n\r\n\t\t\t\t\t<\/a>\r\n\t\t\t\t\t<\/li><li class=\"ult_tab_li   \" data-iconcolor=\"#74777b\" data-iconhover=\"#ffffff\" style=\"background-color:#e7ecea;border-color:transparent;border-width:0px;border-style:solid;border-top-right-radius:8px;\">\r\n\t\t\t\t\t<a href=\"#82d0e3c2-ca5e-10\" id=\"82d0e3c2-ca5e-10\" style=\"color:#74777b;;  \" class=\"ult_a \">\r\n\t\t\t\t\t   <span class=\"ult_tab_main  Both \">\r\n\t\t\t\t\t    <span class=\"ult_tab_section\">\r\n\t\t\t\t\t  \t\t<span  data-ultimate-target='#advanced-tabs-wrap-5456 .ult-span-text'  data-responsive-json-new='{\"font-size\":\"desktop:15px;\",\"line-height\":\"\"}'  class=\"ult-span-text ult-responsive\" style=\"\">Plantas Arquitect\u00f3nicas<\/span>\r\n\t\t\t\t\t\t   \t<span class=\"aio-icon none ult_tab_iconright\" style=\"color:#74777b;font-size:15px;\">\r\n\t\t\t\t\t\t   \t<i class=\"   ult_tab_icon\"  ><\/i>\r\n\t\t\t\t\t\t   <\/span>\r\n\t\t\t\t\t\t<\/span>\r\n\t\t\t\t\t   <\/span>\r\n\r\n\t\t\t\t\t<\/a>\r\n\t\t\t\t\t<\/li><\/ul><div  data-ultimate-target='#advanced-tabs-desc-wrap-3086 .ult_tabcontent .ult_tab_min_contain  p'  data-responsive-json-new='{\"font-size\":\"\",\"line-height\":\"\"}' class=\"ult_tabcontent ult-responsive style1\" style=\"color:#74777b;\"><div class=\"ult_tab_min_contain \" >\n\t\t\t<div  class=\"ult_tabitemname\"  >\n\t\t\t\t[vc_single_image image=&#8221;338&#8243; img_size=&#8221;full&#8221; alignment=&#8221;center&#8221; image_hovers=&#8221;false&#8221;]\n\t\t\t<\/div>\n\t\t\t<div  class=\"ult_tabitemname\"  >\n\t\t\t\t[vc_single_image image=&#8221;339&#8243; img_size=&#8221;full&#8221; alignment=&#8221;center&#8221; image_hovers=&#8221;false&#8221;]\n\t\t\t<\/div><\/div><\/div><\/div><div class=\"ult_acord\">\r\n   <div class=\"ult-tabto-accordion \" style=\"width:;\"\r\n    data-titlecolor=\"#74777b\"  data-titlebg=\"#e7ecea\"\r\n     data-titlehoverbg=\"#4f90d1\" data-titlehovercolor=\"#ffffff\" data-animation=\"Slide-Horizontal\"\r\n     data-activetitle=\"#ffffff\" data-activeicon=\"\" data-activebg=\"#4f90d1\" data-scroll = \"on\" >\r\n     <dl><dt class=\"\">\r\n        \t<a class=\"ult-tabto-actitle withBorder ult_a\" id=\"9eac05cd-d7a3-6\" style=\"color:#74777b;;background-color:#e7ecea;border-bottom-color:transparent;border-bottom-width:0px;border-bottom-style:solid;\" href=\"#9eac05cd-d7a3-6\">\r\n        \t\t<i class=\"accordion-icon\">+<\/i>\r\n        \t\t\t<span class=\"ult_tab_main ult_ac_mainBoth\">\r\n\t\t\t\t\t   <span  data-ultimate-target='#advanced-tabs-wrap-5456 .ult-span-text'  data-responsive-json-new='{\"font-size\":\"desktop:15px;\",\"line-height\":\"\"}'  class=\"ult-span-text ult_acordian-text ult-responsive\" style=\";color:inherit \" >Perspectiva Prototipo<\/span>\r\n\t\t\t\t\t<\/span>\r\n\t\t\t\t\t   <div class=\"aio-icon none \" style=\"color:#74777b;font-size:15px;\" data-iconcolor=\"#74777b\" data-iconhover=\"#ffffff\">\r\n\t\t\t\t\t   <i class=\"    ult_tab_icon\"  ><\/i>\r\n\t\t\t\t\t   <\/div>\r\n\t\t\t\t\t<\/a><\/dt>\r\n            \t\t<dd class=\"ult-tabto-accordionItem ult-tabto-accolapsed\">\r\n\t\t\t            <div class=\"ult-tabto-acontent\" style=\"color:#74777b;\">\r\n\t\t\t               [vc_single_image image=&#8221;338&#8243; img_size=&#8221;full&#8221; alignment=&#8221;center&#8221; image_hovers=&#8221;false&#8221;]\r\n\t\t\t            <\/div>\r\n        \t<\/dd><dt class=\"\">\r\n        \t<a class=\"ult-tabto-actitle withBorder ult_a\" id=\"82d0e3c2-ca5e-10\" style=\"color:#74777b;;background-color:#e7ecea;border-bottom-color:transparent;border-bottom-width:0px;border-bottom-style:solid;border-bottom-color:transparent;border-bottom-width:0px;border-bottom-style:solid;\" href=\"#82d0e3c2-ca5e-10\">\r\n        \t\t<i class=\"accordion-icon\">+<\/i>\r\n        \t\t\t<span class=\"ult_tab_main ult_ac_mainBoth\">\r\n\t\t\t\t\t   <span  data-ultimate-target='#advanced-tabs-wrap-5456 .ult-span-text'  data-responsive-json-new='{\"font-size\":\"desktop:15px;\",\"line-height\":\"\"}'  class=\"ult-span-text ult_acordian-text ult-responsive\" style=\";color:inherit \" >Plantas Arquitect\u00f3nicas<\/span>\r\n\t\t\t\t\t<\/span>\r\n\t\t\t\t\t   <div class=\"aio-icon none \" style=\"color:#74777b;font-size:15px;\" data-iconcolor=\"#74777b\" data-iconhover=\"#ffffff\">\r\n\t\t\t\t\t   <i class=\"    ult_tab_icon\"  ><\/i>\r\n\t\t\t\t\t   <\/div>\r\n\t\t\t\t\t<\/a><\/dt>\r\n            \t\t<dd class=\"ult-tabto-accordionItem ult-tabto-accolapsed\">\r\n\t\t\t            <div class=\"ult-tabto-acontent\" style=\"color:#74777b;\">\r\n\t\t\t               [vc_single_image image=&#8221;339&#8243; img_size=&#8221;full&#8221; alignment=&#8221;center&#8221; image_hovers=&#8221;false&#8221;]\r\n\t\t\t            <\/div>\r\n        \t<\/dd>\r\n    \t<\/dl>\r\n    <!--<div class=\"extraborder\" style=\"background-color:#4f90d1\"><\/div>-->\r\n<\/div>\r\n\r\n<\/div>[\/vc_column][\/vc_row]<\/p>\n","protected":false},"excerpt":{"rendered":"<p>[vc_row type=&#8221;vc_default&#8221; full_width=&#8221;stretch_row_content&#8221;][vc_column][vc_media_grid style=&#8221;pagination&#8221; items_per_page=&#8221;4&#8243; element_width=&#8221;3&#8243; arrows_design=&#8221;vc_arrow-icon-arrow_01_left&#8221; arrows_color=&#8221;black&#8221; paging_color=&#8221;green&#8221; loop=&#8221;yes&#8221; item=&#8221;masonryMedia_Default&#8221; grid_id=&#8221;vc_gid:1556561484670-7659bdfd-dca5-3&#8243; include=&#8221;330,329,327,324,342,343&#8243;][\/vc_column][\/vc_row][vc_row][vc_column width=&#8221;1\/2&#8243;][vc_column_text] Caracter\u00edsticas Ubicado al noroeste de la ciudad de Quer\u00e9taro, cerca de la nueva avenida Paseo Quer\u00e9taro y anillo vial Fray Jun\u00edpero Sierra. Cuenta con 384 viviendas rodeadas de una amplia \u00e1rea verde con espacios recreativos, juegos infantiles y cancha deportiva. A&hellip;<\/p>\n","protected":false},"author":1,"featured_media":0,"parent":0,"menu_order":0,"comment_status":"closed","ping_status":"closed","template":"","meta":{"om_disable_all_campaigns":false},"_links":{"self":[{"href":"https:\/\/viviendadiez.com\/bienvenido\/index.php\/wp-json\/wp\/v2\/pages\/181"}],"collection":[{"href":"https:\/\/viviendadiez.com\/bienvenido\/index.php\/wp-json\/wp\/v2\/pages"}],"about":[{"href":"https:\/\/viviendadiez.com\/bienvenido\/index.php\/wp-json\/wp\/v2\/types\/page"}],"author":[{"embeddable":true,"href":"https:\/\/viviendadiez.com\/bienvenido\/index.php\/wp-json\/wp\/v2\/users\/1"}],"replies":[{"embeddable":true,"href":"https:\/\/viviendadiez.com\/bienvenido\/index.php\/wp-json\/wp\/v2\/comments?post=181"}],"version-history":[{"count":11,"href":"https:\/\/viviendadiez.com\/bienvenido\/index.php\/wp-json\/wp\/v2\/pages\/181\/revisions"}],"predecessor-version":[{"id":929,"href":"https:\/\/viviendadiez.com\/bienvenido\/index.php\/wp-json\/wp\/v2\/pages\/181\/revisions\/929"}],"wp:attachment":[{"href":"https:\/\/viviendadiez.com\/bienvenido\/index.php\/wp-json\/wp\/v2\/media?parent=181"}],"curies":[{"name":"wp","href":"https:\/\/api.w.org\/{rel}","templated":true}]}}